{"id":11092,"date":"2026-01-21T17:00:46","date_gmt":"2026-01-21T15:00:46","guid":{"rendered":"https:\/\/onequity.com\/economic-calendar\/"},"modified":"2026-03-20T17:05:49","modified_gmt":"2026-03-20T15:05:49","slug":"economic-calendar","status":"publish","type":"page","link":"https:\/\/onequity.com\/pt\/economic-calendar\/","title":{"rendered":"Calend\u00e1rio Econ\u00f4mico"},"content":{"rendered":"\t\t<div data-elementor-type=\"wp-page\" data-elementor-id=\"11092\" class=\"elementor elementor-11092 elementor-1400\" data-elementor-post-type=\"page\">\n\t\t\t\t\t\t<section class=\"elementor-section elementor-top-section elementor-element elementor-element-49bcac5 elementor-hidden-tablet elementor-hidden-mobile elementor-section-boxed elementor-section-height-default elementor-section-height-default\" data-id=\"49bcac5\" data-element_type=\"section\" data-e-type=\"section\" data-settings=\"{&quot;background_background&quot;:&quot;classic&quot;,&quot;ekit_has_onepagescroll_dot&quot;:&quot;yes&quot;}\">\n\t\t\t\t\t\t<div class=\"elementor-container elementor-column-gap-default\">\n\t\t\t\t\t<div class=\"elementor-column elementor-col-100 elementor-top-column elementor-element elementor-element-db2fb95 elementor-invisible\" data-id=\"db2fb95\" data-element_type=\"column\" data-e-type=\"column\" data-settings=\"{&quot;animation&quot;:&quot;fadeIn&quot;}\">\n\t\t\t<div class=\"elementor-widget-wrap elementor-element-populated\">\n\t\t\t\t\t\t<div class=\"elementor-element elementor-element-d692248 elementor-widget elementor-widget-elementskit-breadcrumb\" data-id=\"d692248\" data-element_type=\"widget\" data-e-type=\"widget\" data-settings=\"{&quot;ekit_we_effect_on&quot;:&quot;none&quot;}\" data-widget_type=\"elementskit-breadcrumb.default\">\n\t\t\t\t<div class=\"elementor-widget-container\">\n\t\t\t\t\t<div class=\"ekit-wid-con\" ><ol class=\"ekit-breadcrumb\"><li class=\"ekit_breadcrumbs_start\"><a href=\"https:\/\/onequity.com\/pt\/\">Home<\/a><\/li><\/ol><\/div>\t\t\t\t<\/div>\n\t\t\t\t<\/div>\n\t\t\t\t\t<\/div>\n\t\t<\/div>\n\t\t\t\t\t<\/div>\n\t\t<\/section>\n\t\t\t\t<section class=\"elementor-section elementor-top-section elementor-element elementor-element-e23dac2 elementor-section-boxed elementor-section-height-default elementor-section-height-default\" data-id=\"e23dac2\" data-element_type=\"section\" data-e-type=\"section\" data-settings=\"{&quot;background_background&quot;:&quot;classic&quot;,&quot;ekit_has_onepagescroll_dot&quot;:&quot;yes&quot;}\">\n\t\t\t\t\t\t<div class=\"elementor-container elementor-column-gap-default\">\n\t\t\t\t\t<div class=\"elementor-column elementor-col-50 elementor-top-column elementor-element elementor-element-5e3a041 elementor-invisible\" data-id=\"5e3a041\" data-element_type=\"column\" data-e-type=\"column\" data-settings=\"{&quot;animation&quot;:&quot;fadeIn&quot;}\">\n\t\t\t<div class=\"elementor-widget-wrap elementor-element-populated\">\n\t\t\t\t\t\t<div class=\"elementor-element elementor-element-74451fa elementor-widget elementor-widget-heading\" data-id=\"74451fa\" data-element_type=\"widget\" data-e-type=\"widget\" data-settings=\"{&quot;ekit_we_effect_on&quot;:&quot;none&quot;}\" data-widget_type=\"heading.default\">\n\t\t\t\t\t<h2 class=\"elementor-heading-title elementor-size-default\">Calend\u00e1rio econ\u00f4mico<\/h2>\t\t\t\t<\/div>\n\t\t\t\t\t<\/div>\n\t\t<\/div>\n\t\t\t\t<div class=\"elementor-column elementor-col-50 elementor-top-column elementor-element elementor-element-7bbccbb elementor-invisible\" data-id=\"7bbccbb\" data-element_type=\"column\" data-e-type=\"column\" data-settings=\"{&quot;animation&quot;:&quot;fadeIn&quot;}\">\n\t\t\t<div class=\"elementor-widget-wrap elementor-element-populated\">\n\t\t\t\t\t\t<div class=\"elementor-element elementor-element-a4265b5 elementor-widget__width-initial elementor-widget elementor-widget-text-editor\" data-id=\"a4265b5\" data-element_type=\"widget\" data-e-type=\"widget\" data-settings=\"{&quot;ekit_we_effect_on&quot;:&quot;none&quot;}\" data-widget_type=\"text-editor.default\">\n\t\t\t\t\t\t\t\t\tAcompanhe eventos que movem o mercado e dados econ\u00f4micos \u2014 com atualiza\u00e7\u00e3o em tempo real\n\n\t\t\t\t\t\t\t\t<\/div>\n\t\t\t\t\t<\/div>\n\t\t<\/div>\n\t\t\t\t\t<\/div>\n\t\t<\/section>\n\t\t\t\t<section class=\"elementor-section elementor-top-section elementor-element elementor-element-d6e1fa1 elementor-section-boxed elementor-section-height-default elementor-section-height-default elementor-invisible\" data-id=\"d6e1fa1\" data-element_type=\"section\" data-e-type=\"section\" data-settings=\"{&quot;animation&quot;:&quot;fadeIn&quot;,&quot;ekit_has_onepagescroll_dot&quot;:&quot;yes&quot;}\">\n\t\t\t\t\t\t<div class=\"elementor-container elementor-column-gap-default\">\n\t\t\t\t\t<div class=\"elementor-column elementor-col-100 elementor-top-column elementor-element elementor-element-e71a629\" data-id=\"e71a629\" data-element_type=\"column\" data-e-type=\"column\">\n\t\t\t<div class=\"elementor-widget-wrap elementor-element-populated\">\n\t\t\t\t\t\t<div class=\"elementor-element elementor-element-4814afe elementor-widget elementor-widget-html\" data-id=\"4814afe\" data-element_type=\"widget\" data-e-type=\"widget\" data-settings=\"{&quot;ekit_we_effect_on&quot;:&quot;none&quot;}\" data-widget_type=\"html.default\">\n\t\t\t\t\t<div class=\"tv-calendar-wrapper\" style=\"position: relative;\"> <div class=\"tradingview-widget-container\">\r\n    <div class=\"tradingview-widget-container__widget\"><\/div>\r\n    <div class=\"tradingview-widget-copyright\">\r\n\r\n    <\/div>\r\n    <script type=\"text\/javascript\" src=\"https:\/\/s3.tradingview.com\/external-embedding\/embed-widget-events.js\" async=\"\">\r\n    {\r\n      \"colorTheme\": \"light\",\r\n      \"isTransparent\": false,\r\n      \"locale\": \"en\",\r\n      \"countryFilter\": \"\",\r\n      \"importanceFilter\": \"-1,0,1\",\r\n      \"width\": \"100%\",\r\n      \"height\": \"900\"\r\n    }\r\n    <\/script>\r\n  <\/div>\r\n  \r\n    <div class=\"calendar-bottom-overlay\"><\/div>\r\n    \r\n    \r\n<\/div>\t\t\t\t<\/div>\n\t\t\t\t\t<\/div>\n\t\t<\/div>\n\t\t\t\t\t<\/div>\n\t\t<\/section>\n\t\t\t\t<section class=\"elementor-section elementor-top-section elementor-element elementor-element-8388dc4 elementor-section-boxed elementor-section-height-default elementor-section-height-default elementor-invisible\" data-id=\"8388dc4\" data-element_type=\"section\" data-e-type=\"section\" data-settings=\"{&quot;animation&quot;:&quot;fadeIn&quot;,&quot;ekit_has_onepagescroll_dot&quot;:&quot;yes&quot;}\">\n\t\t\t\t\t\t<div class=\"elementor-container elementor-column-gap-default\">\n\t\t\t\t\t<div class=\"elementor-column elementor-col-100 elementor-top-column elementor-element elementor-element-a6702ed\" data-id=\"a6702ed\" data-element_type=\"column\" data-e-type=\"column\">\n\t\t\t<div class=\"elementor-widget-wrap elementor-element-populated\">\n\t\t\t\t\t\t<div class=\"elementor-element elementor-element-f4de107 elementor-widget elementor-widget-shortcode\" data-id=\"f4de107\" data-element_type=\"widget\" data-e-type=\"widget\" data-settings=\"{&quot;ekit_we_effect_on&quot;:&quot;none&quot;}\" data-widget_type=\"shortcode.default\">\n\t\t\t\t\t\t\t<div class=\"elementor-shortcode\">\t\t<div data-elementor-type=\"section\" data-elementor-id=\"12168\" class=\"elementor elementor-12168 elementor-1064 elementor-1064\" data-elementor-post-type=\"elementor_library\">\n\t\t\t\t\t<section class=\"elementor-section elementor-top-section elementor-element elementor-element-13b6c423 elementor-section-boxed elementor-section-height-default elementor-section-height-default\" data-id=\"13b6c423\" data-element_type=\"section\" data-e-type=\"section\" data-settings=\"{&quot;ekit_has_onepagescroll_dot&quot;:&quot;yes&quot;}\">\n\t\t\t\t\t\t<div class=\"elementor-container elementor-column-gap-default\">\n\t\t\t\t\t<div class=\"elementor-column elementor-col-50 elementor-top-column elementor-element elementor-element-2b6697fa\" data-id=\"2b6697fa\" data-element_type=\"column\" data-e-type=\"column\">\n\t\t\t<div class=\"elementor-widget-wrap elementor-element-populated\">\n\t\t\t\t\t\t<div class=\"elementor-element elementor-element-3b571a48 elementor-widget__width-initial elementor-widget elementor-widget-elementskit-heading\" data-id=\"3b571a48\" data-element_type=\"widget\" data-e-type=\"widget\" data-settings=\"{&quot;ekit_we_effect_on&quot;:&quot;none&quot;}\" data-widget_type=\"elementskit-heading.default\">\n\t\t\t\t\t<div class=\"ekit-wid-con\" ><div class=\"ekit-heading elementskit-section-title-wraper text_left   ekit_heading_tablet-   ekit_heading_mobile-\"><h2 class=\"ekit-heading--title elementskit-section-title \">Invista com confian\u00e7a em uma corretora de confian\u00e7a global<\/h2><\/div><\/div>\t\t\t\t<\/div>\n\t\t\t\t<div class=\"elementor-element elementor-element-e96d843 elementor-widget elementor-widget-html\" data-id=\"e96d843\" data-element_type=\"widget\" data-e-type=\"widget\" data-settings=\"{&quot;ekit_we_effect_on&quot;:&quot;none&quot;}\" data-widget_type=\"html.default\">\n\t\t\t\t\t<!-- TrustBox script -->\r\n<script type=\"text\/javascript\" src=\"\/\/widget.trustpilot.com\/bootstrap\/v5\/tp.widget.bootstrap.min.js\" async=\"\"><\/script>\r\n<!-- End TrustBox script -->\r\n\r\n\r\n\r\n<!-- TrustBox widget - Micro TrustScore -->\r\n\r\n\r\n<div class=\"trustpilot-widget\" style=\"max-width: fit-content;left: -32px;position: relative;\" data-locale=\"en\" data-template-id=\"5419b637fa0340045cd0c936\" data-businessunit-id=\"651c420d4571cea0e1054ffb\" data-style-height=\"20px\" data-style-width=\"100%\" data-text-color=\"#181b1f\">\r\n  <a href=\"https:\/\/www.trustpilot.com\/review\/onequity.com\" target=\"_blank\" rel=\"noopener\">Trustpilot<\/a>\r\n<\/div>\r\n<!-- End TrustBox widget -->\r\n\r\n\t\t\t\t<\/div>\n\t\t\t\t\t<\/div>\n\t\t<\/div>\n\t\t\t\t<div class=\"elementor-column elementor-col-50 elementor-top-column elementor-element elementor-element-105ba827\" data-id=\"105ba827\" data-element_type=\"column\" data-e-type=\"column\">\n\t\t\t<div class=\"elementor-widget-wrap elementor-element-populated\">\n\t\t\t\t\t\t<section class=\"elementor-section elementor-inner-section elementor-element elementor-element-1f45eed4 elementor-section-boxed elementor-section-height-default elementor-section-height-default\" data-id=\"1f45eed4\" data-element_type=\"section\" data-e-type=\"section\" data-settings=\"{&quot;ekit_has_onepagescroll_dot&quot;:&quot;yes&quot;}\">\n\t\t\t\t\t\t<div class=\"elementor-container elementor-column-gap-no\">\n\t\t\t\t\t<div class=\"elementor-column elementor-col-50 elementor-inner-column elementor-element elementor-element-7f20c8ab\" data-id=\"7f20c8ab\" data-element_type=\"column\" data-e-type=\"column\">\n\t\t\t<div class=\"elementor-widget-wrap elementor-element-populated\">\n\t\t\t\t\t\t<div class=\"elementor-element elementor-element-15966255 elementor-align-right elementor-widget__width-initial elementor-widget elementor-widget-button\" data-id=\"15966255\" data-element_type=\"widget\" data-e-type=\"widget\" data-settings=\"{&quot;ekit_we_effect_on&quot;:&quot;none&quot;}\" data-widget_type=\"button.default\">\n\t\t\t\t\t\t\t\t\t\t<a class=\"elementor-button elementor-button-link elementor-size-sm\" href=\"https:\/\/auth.onequity.com\/pt\/register\">\n\t\t\t\t\t\t<span class=\"elementor-button-content-wrapper\">\n\t\t\t\t\t\t\t\t\t<span class=\"elementor-button-text\">Abrir Conta<\/span>\n\t\t\t\t\t<\/span>\n\t\t\t\t\t<\/a>\n\t\t\t\t\t\t\t\t<\/div>\n\t\t\t\t\t<\/div>\n\t\t<\/div>\n\t\t\t\t<div class=\"elementor-column elementor-col-50 elementor-inner-column elementor-element elementor-element-51e2761\" data-id=\"51e2761\" data-element_type=\"column\" data-e-type=\"column\">\n\t\t\t<div class=\"elementor-widget-wrap elementor-element-populated\">\n\t\t\t\t\t\t<div class=\"elementor-element elementor-element-7557959 elementor-align-left elementor-widget__width-initial elementor-widget elementor-widget-button\" data-id=\"7557959\" data-element_type=\"widget\" data-e-type=\"widget\" data-settings=\"{&quot;ekit_we_effect_on&quot;:&quot;none&quot;}\" data-widget_type=\"button.default\">\n\t\t\t\t\t\t\t\t\t\t<a class=\"elementor-button elementor-button-link elementor-size-sm\" href=\"https:\/\/auth.onequity.com\/pt\/login\" id=\"mobbtnfix\">\n\t\t\t\t\t\t<span class=\"elementor-button-content-wrapper\">\n\t\t\t\t\t\t<span class=\"elementor-button-icon\">\n\t\t\t\t<svg aria-hidden=\"true\" class=\"e-font-icon-svg e-fas-lock\" viewBox=\"0 0 448 512\" xmlns=\"http:\/\/www.w3.org\/2000\/svg\"><path d=\"M400 224h-24v-72C376 68.2 307.8 0 224 0S72 68.2 72 152v72H48c-26.5 0-48 21.5-48 48v192c0 26.5 21.5 48 48 48h352c26.5 0 48-21.5 48-48V272c0-26.5-21.5-48-48-48zm-104 0H152v-72c0-39.7 32.3-72 72-72s72 32.3 72 72v72z\"><\/path><\/svg>\t\t\t<\/span>\n\t\t\t\t\t\t\t\t\t<span class=\"elementor-button-text\">Entrar<\/span>\n\t\t\t\t\t<\/span>\n\t\t\t\t\t<\/a>\n\t\t\t\t\t\t\t\t<\/div>\n\t\t\t\t\t<\/div>\n\t\t<\/div>\n\t\t\t\t\t<\/div>\n\t\t<\/section>\n\t\t\t\t\t<\/div>\n\t\t<\/div>\n\t\t\t\t\t<\/div>\n\t\t<\/section>\n\t\t\t\t<\/div>\n\t\t<\/div>\n\t\t\t\t\t\t<\/div>\n\t\t\t\t\t<\/div>\n\t\t<\/div>\n\t\t\t\t\t<\/div>\n\t\t<\/section>\n\t\t\t\t<\/div>\n\t\t","protected":false},"excerpt":{"rendered":"<p>Home Calend\u00e1rio econ\u00f4mico Acompanhe eventos que movem o mercado e dados econ\u00f4micos \u2014 com atualiza\u00e7\u00e3o em tempo real<\/p>\n","protected":false},"author":1,"featured_media":0,"parent":0,"menu_order":0,"comment_status":"closed","ping_status":"closed","template":"","meta":{"_acf_changed":false,"site-sidebar-layout":"no-sidebar","site-content-layout":"","ast-site-content-layout":"full-width-container","site-content-style":"default","site-sidebar-style":"default","ast-global-header-display":"","ast-banner-title-visibility":"","ast-main-header-display":"","ast-hfb-above-header-display":"","ast-hfb-below-header-display":"","ast-hfb-mobile-header-display":"","site-post-title":"disabled","ast-breadcrumbs-content":"","ast-featured-img":"disabled","footer-sml-layout":"","ast-disable-related-posts":"","theme-transparent-header-meta":"","adv-header-id-meta":"","stick-header-meta":"","header-above-stick-meta":"","header-main-stick-meta":"","header-below-stick-meta":"","astra-migrate-meta-layouts":"default","ast-page-background-enabled":"default","ast-page-background-meta":{"desktop":{"background-color":"var(--ast-global-color-5)","background-image":"","background-repeat":"repeat","background-position":"center center","background-size":"auto","background-attachment":"scroll","background-type":"","background-media":"","overlay-type":"","overlay-color":"","overlay-opacity":"","overlay-gradient":""},"tablet":{"background-color":"","background-image":"","background-repeat":"repeat","background-position":"center center","background-size":"auto","background-attachment":"scroll","background-type":"","background-media":"","overlay-type":"","overlay-color":"","overlay-opacity":"","overlay-gradient":""},"mobile":{"background-color":"","background-image":"","background-repeat":"repeat","background-position":"center center","background-size":"auto","background-attachment":"scroll","background-type":"","background-media":"","overlay-type":"","overlay-color":"","overlay-opacity":"","overlay-gradient":""}},"ast-content-background-meta":{"desktop":{"background-color":"var(--ast-global-color-4)","background-image":"","background-repeat":"repeat","background-position":"center center","background-size":"auto","background-attachment":"scroll","background-type":"","background-media":"","overlay-type":"","overlay-color":"","overlay-opacity":"","overlay-gradient":""},"tablet":{"background-color":"var(--ast-global-color-4)","background-image":"","background-repeat":"repeat","background-position":"center center","background-size":"auto","background-attachment":"scroll","background-type":"","background-media":"","overlay-type":"","overlay-color":"","overlay-opacity":"","overlay-gradient":""},"mobile":{"background-color":"var(--ast-global-color-4)","background-image":"","background-repeat":"repeat","background-position":"center center","background-size":"auto","background-attachment":"scroll","background-type":"","background-media":"","overlay-type":"","overlay-color":"","overlay-opacity":"","overlay-gradient":""}},"footnotes":""},"class_list":["post-11092","page","type-page","status-publish","hentry"],"acf":[],"yoast_head":"<!-- This site is optimized with the Yoast SEO plugin v27.4 - https:\/\/yoast.com\/product\/yoast-seo-wordpress\/ -->\n<title>Calend\u00e1rio Econ\u00f4mico | Eventos Globais do Mercado \u2013 OnEquity<\/title>\n<meta name=\"description\" content=\"Stay ahead of market movements with our live economic calendar. Track key global events, forecasts, and real-time data impacting major assets.\" \/>\n<meta name=\"robots\" content=\"noindex, follow, max-snippet:-1, max-image-preview:large, max-video-preview:-1\" \/>\n<meta property=\"og:locale\" content=\"pt_PT\" \/>\n<meta property=\"og:type\" content=\"article\" \/>\n<meta property=\"og:title\" content=\"Calend\u00e1rio Econ\u00f4mico | Eventos Globais do Mercado \u2013 OnEquity\" \/>\n<meta property=\"og:description\" content=\"Stay ahead of market movements with our live economic calendar. Track key global events, forecasts, and real-time data impacting major assets.\" \/>\n<meta property=\"og:url\" content=\"https:\/\/onequity.com\/pt\/economic-calendar\/\" \/>\n<meta property=\"og:site_name\" content=\"OnEquity\" \/>\n<meta property=\"article:modified_time\" content=\"2026-03-20T15:05:49+00:00\" \/>\n<meta name=\"twitter:card\" content=\"summary_large_image\" \/>\n<meta name=\"twitter:label1\" content=\"Est. reading time\" \/>\n\t<meta name=\"twitter:data1\" content=\"1 minute\" \/>\n<script type=\"application\/ld+json\" class=\"yoast-schema-graph\">{\"@context\":\"https:\\\/\\\/schema.org\",\"@graph\":[{\"@type\":\"WebPage\",\"@id\":\"https:\\\/\\\/onequity.com\\\/pt\\\/economic-calendar\\\/\",\"url\":\"https:\\\/\\\/onequity.com\\\/pt\\\/economic-calendar\\\/\",\"name\":\"Calend\u00e1rio Econ\u00f4mico | Eventos Globais do Mercado \u2013 OnEquity\",\"isPartOf\":{\"@id\":\"https:\\\/\\\/onequity.com\\\/pt\\\/#website\"},\"datePublished\":\"2026-01-21T15:00:46+00:00\",\"dateModified\":\"2026-03-20T15:05:49+00:00\",\"description\":\"Stay ahead of market movements with our live economic calendar. Track key global events, forecasts, and real-time data impacting major assets.\",\"breadcrumb\":{\"@id\":\"https:\\\/\\\/onequity.com\\\/pt\\\/economic-calendar\\\/#breadcrumb\"},\"inLanguage\":\"pt\",\"potentialAction\":[{\"@type\":\"ReadAction\",\"target\":[\"https:\\\/\\\/onequity.com\\\/pt\\\/economic-calendar\\\/\"]}]},{\"@type\":\"BreadcrumbList\",\"@id\":\"https:\\\/\\\/onequity.com\\\/pt\\\/economic-calendar\\\/#breadcrumb\",\"itemListElement\":[{\"@type\":\"ListItem\",\"position\":1,\"name\":\"Home\",\"item\":\"https:\\\/\\\/onequity.com\\\/pt\\\/\"},{\"@type\":\"ListItem\",\"position\":2,\"name\":\"Calend\u00e1rio Econ\u00f4mico\"}]},{\"@type\":\"WebSite\",\"@id\":\"https:\\\/\\\/onequity.com\\\/pt\\\/#website\",\"url\":\"https:\\\/\\\/onequity.com\\\/pt\\\/\",\"name\":\"OnEquity\",\"description\":\"Your trusted choice in online trading\",\"potentialAction\":[{\"@type\":\"SearchAction\",\"target\":{\"@type\":\"EntryPoint\",\"urlTemplate\":\"https:\\\/\\\/onequity.com\\\/pt\\\/?s={search_term_string}\"},\"query-input\":{\"@type\":\"PropertyValueSpecification\",\"valueRequired\":true,\"valueName\":\"search_term_string\"}}],\"inLanguage\":\"pt\"}]}<\/script>\n<!-- \/ Yoast SEO plugin. -->","yoast_head_json":{"title":"Calend\u00e1rio Econ\u00f4mico | Eventos Globais do Mercado \u2013 OnEquity","description":"Stay ahead of market movements with our live economic calendar. Track key global events, forecasts, and real-time data impacting major assets.","robots":{"index":"noindex","follow":"follow","max-snippet":"max-snippet:-1","max-image-preview":"max-image-preview:large","max-video-preview":"max-video-preview:-1"},"og_locale":"pt_PT","og_type":"article","og_title":"Calend\u00e1rio Econ\u00f4mico | Eventos Globais do Mercado \u2013 OnEquity","og_description":"Stay ahead of market movements with our live economic calendar. Track key global events, forecasts, and real-time data impacting major assets.","og_url":"https:\/\/onequity.com\/pt\/economic-calendar\/","og_site_name":"OnEquity","article_modified_time":"2026-03-20T15:05:49+00:00","twitter_card":"summary_large_image","twitter_misc":{"Est. reading time":"1 minute"},"schema":{"@context":"https:\/\/schema.org","@graph":[{"@type":"WebPage","@id":"https:\/\/onequity.com\/pt\/economic-calendar\/","url":"https:\/\/onequity.com\/pt\/economic-calendar\/","name":"Calend\u00e1rio Econ\u00f4mico | Eventos Globais do Mercado \u2013 OnEquity","isPartOf":{"@id":"https:\/\/onequity.com\/pt\/#website"},"datePublished":"2026-01-21T15:00:46+00:00","dateModified":"2026-03-20T15:05:49+00:00","description":"Stay ahead of market movements with our live economic calendar. Track key global events, forecasts, and real-time data impacting major assets.","breadcrumb":{"@id":"https:\/\/onequity.com\/pt\/economic-calendar\/#breadcrumb"},"inLanguage":"pt","potentialAction":[{"@type":"ReadAction","target":["https:\/\/onequity.com\/pt\/economic-calendar\/"]}]},{"@type":"BreadcrumbList","@id":"https:\/\/onequity.com\/pt\/economic-calendar\/#breadcrumb","itemListElement":[{"@type":"ListItem","position":1,"name":"Home","item":"https:\/\/onequity.com\/pt\/"},{"@type":"ListItem","position":2,"name":"Calend\u00e1rio Econ\u00f4mico"}]},{"@type":"WebSite","@id":"https:\/\/onequity.com\/pt\/#website","url":"https:\/\/onequity.com\/pt\/","name":"OnEquity","description":"Your trusted choice in online trading","potentialAction":[{"@type":"SearchAction","target":{"@type":"EntryPoint","urlTemplate":"https:\/\/onequity.com\/pt\/?s={search_term_string}"},"query-input":{"@type":"PropertyValueSpecification","valueRequired":true,"valueName":"search_term_string"}}],"inLanguage":"pt"}]}},"_links":{"self":[{"href":"https:\/\/onequity.com\/pt\/wp-json\/wp\/v2\/pages\/11092","targetHints":{"allow":["GET"]}}],"collection":[{"href":"https:\/\/onequity.com\/pt\/wp-json\/wp\/v2\/pages"}],"about":[{"href":"https:\/\/onequity.com\/pt\/wp-json\/wp\/v2\/types\/page"}],"author":[{"embeddable":true,"href":"https:\/\/onequity.com\/pt\/wp-json\/wp\/v2\/users\/1"}],"replies":[{"embeddable":true,"href":"https:\/\/onequity.com\/pt\/wp-json\/wp\/v2\/comments?post=11092"}],"version-history":[{"count":4,"href":"https:\/\/onequity.com\/pt\/wp-json\/wp\/v2\/pages\/11092\/revisions"}],"predecessor-version":[{"id":11105,"href":"https:\/\/onequity.com\/pt\/wp-json\/wp\/v2\/pages\/11092\/revisions\/11105"}],"wp:attachment":[{"href":"https:\/\/onequity.com\/pt\/wp-json\/wp\/v2\/media?parent=11092"}],"curies":[{"name":"wp","href":"https:\/\/api.w.org\/{rel}","templated":true}]}}