{"id":34249,"date":"2025-07-01T15:38:17","date_gmt":"2025-07-01T15:38:17","guid":{"rendered":"https:\/\/onequity.com\/tools\/economic-calendar\/"},"modified":"2025-07-16T15:01:46","modified_gmt":"2025-07-16T15:01:46","slug":"economic-calendar","status":"publish","type":"page","link":"https:\/\/onequity.com\/pt\/tools\/economic-calendar\/","title":{"rendered":"Calend\u00e1rio Econ\u00f4mico"},"content":{"rendered":"\t\t<div data-elementor-type=\"wp-page\" data-elementor-id=\"34249\" class=\"elementor elementor-34249 elementor-29705\" data-elementor-post-type=\"page\">\n\t\t\t\t<div class=\"elementor-element elementor-element-351f290c elementor-hidden-mobile e-flex e-con-boxed e-con e-parent\" data-id=\"351f290c\" data-element_type=\"container\" data-e-type=\"container\" id=\"breadcrumb\" data-settings=\"{&quot;background_background&quot;:&quot;classic&quot;}\">\n\t\t\t\t\t<div class=\"e-con-inner\">\n\t\t<div class=\"elementor-element elementor-element-74ccc8e2 e-con-full e-flex e-con e-child\" data-id=\"74ccc8e2\" data-element_type=\"container\" data-e-type=\"container\">\n\t\t\t\t<div class=\"elementor-element elementor-element-507d3f65 animated-fast elementor-invisible elementor-widget elementor-widget-elementskit-breadcrumb\" data-id=\"507d3f65\" data-element_type=\"widget\" data-e-type=\"widget\" data-settings=\"{&quot;_animation&quot;:&quot;fadeIn&quot;,&quot;_animation_delay&quot;:100,&quot;ekit_we_effect_on&quot;:&quot;none&quot;}\" data-widget_type=\"elementskit-breadcrumb.default\">\n\t\t\t\t<div class=\"elementor-widget-container\">\n\t\t\t\t\t<div class=\"ekit-wid-con\" ><ol class=\"ekit-breadcrumb\"><li class=\"ekit_breadcrumbs_start\"><a href=\"https:\/\/onequity.com\/pt\/\">Home<\/a><\/li><\/ol><\/div>\t\t\t\t<\/div>\n\t\t\t\t<\/div>\n\t\t\t\t<\/div>\n\t\t\t\t\t<\/div>\n\t\t\t\t<\/div>\n\t\t<div class=\"elementor-element elementor-element-1347fc8e e-flex e-con-boxed e-con e-parent\" data-id=\"1347fc8e\" data-element_type=\"container\" data-e-type=\"container\" data-settings=\"{&quot;background_background&quot;:&quot;classic&quot;}\">\n\t\t\t\t\t<div class=\"e-con-inner\">\n\t\t<div class=\"elementor-element elementor-element-522d7dc7 e-con-full e-flex e-con e-child\" data-id=\"522d7dc7\" data-element_type=\"container\" data-e-type=\"container\">\n\t\t<div class=\"elementor-element elementor-element-2d5c8774 e-con-full e-flex e-con e-child\" data-id=\"2d5c8774\" data-element_type=\"container\" data-e-type=\"container\">\n\t\t\t\t<div class=\"elementor-element elementor-element-6a877f6 animated-fast elementor-invisible elementor-widget elementor-widget-elementskit-heading\" data-id=\"6a877f6\" data-element_type=\"widget\" data-e-type=\"widget\" data-settings=\"{&quot;_animation&quot;:&quot;fadeIn&quot;,&quot;_animation_delay&quot;:100,&quot;ekit_we_effect_on&quot;:&quot;css&quot;}\" data-widget_type=\"elementskit-heading.default\">\n\t\t\t\t<div class=\"elementor-widget-container\">\n\t\t\t\t\t<div class=\"ekit-wid-con\" ><div class=\"ekit-heading elementskit-section-title-wraper text_left   ekit_heading_tablet-   ekit_heading_mobile-text_left\"><h2 class=\"ekit-heading--title elementskit-section-title \">Calend\u00e1rio econ\u00f4mico<\/h2><\/div><\/div>\t\t\t\t<\/div>\n\t\t\t\t<\/div>\n\t\t\t\t<\/div>\n\t\t<div class=\"elementor-element elementor-element-5de43bbc e-con-full e-flex e-con e-child\" data-id=\"5de43bbc\" data-element_type=\"container\" data-e-type=\"container\">\n\t\t\t\t<div class=\"elementor-element elementor-element-4aba28a7 animated-fast elementor-invisible elementor-widget elementor-widget-elementskit-heading\" data-id=\"4aba28a7\" data-element_type=\"widget\" data-e-type=\"widget\" data-settings=\"{&quot;_animation&quot;:&quot;fadeIn&quot;,&quot;_animation_delay&quot;:200,&quot;ekit_we_effect_on&quot;:&quot;none&quot;}\" data-widget_type=\"elementskit-heading.default\">\n\t\t\t\t<div class=\"elementor-widget-container\">\n\t\t\t\t\t<div class=\"ekit-wid-con\" ><div class=\"ekit-heading elementskit-section-title-wraper text_left   ekit_heading_tablet-   ekit_heading_mobile-\">\t\t\t\t<div class='ekit-heading__description'>\n\t\t\t\t\t<p>Acompanhe eventos que movem o mercado e dados econ\u00f4micos \u2014 com atualiza\u00e7\u00e3o em tempo real<\/p>\n\t\t\t\t<\/div>\n\t\t\t<\/div><\/div>\t\t\t\t<\/div>\n\t\t\t\t<\/div>\n\t\t\t\t<\/div>\n\t\t\t\t<\/div>\n\t\t\t\t\t<\/div>\n\t\t\t\t<\/div>\n\t\t<div class=\"elementor-element elementor-element-46b6963 e-flex e-con-boxed e-con e-parent\" data-id=\"46b6963\" data-element_type=\"container\" data-e-type=\"container\">\n\t\t\t\t\t<div class=\"e-con-inner\">\n\t\t\t\t<div class=\"elementor-element elementor-element-b5160f2 elementor-widget elementor-widget-html\" data-id=\"b5160f2\" data-element_type=\"widget\" data-e-type=\"widget\" data-settings=\"{&quot;ekit_we_effect_on&quot;:&quot;none&quot;}\" data-widget_type=\"html.default\">\n\t\t\t\t<div class=\"elementor-widget-container\">\n\t\t\t\t\t<div class=\"tv-calendar-wrapper\" style=\"position: relative;\"> <div class=\"tradingview-widget-container\">\r\n    <div class=\"tradingview-widget-container__widget\"><\/div>\r\n    <div class=\"tradingview-widget-copyright\">\r\n\r\n    <\/div>\r\n    <script type=\"text\/javascript\" src=\"https:\/\/s3.tradingview.com\/external-embedding\/embed-widget-events.js\" async=\"\">\r\n    {\r\n      \"colorTheme\": \"light\",\r\n      \"isTransparent\": false,\r\n      \"locale\": \"br\",\r\n      \"countryFilter\": \"\",\r\n      \"importanceFilter\": \"-1,0,1\",\r\n      \"width\": \"100%\",\r\n      \"height\": \"900\"\r\n    }\r\n    <\/script>\r\n  <\/div>\r\n  \r\n    <div class=\"calendar-bottom-overlay\"><\/div>\r\n    \r\n    \r\n<\/div>\t\t\t\t<\/div>\n\t\t\t\t<\/div>\n\t\t\t\t\t<\/div>\n\t\t\t\t<\/div>\n\t\t<div class=\"elementor-element elementor-element-46a0da63 e-flex e-con-boxed e-con e-parent\" data-id=\"46a0da63\" data-element_type=\"container\" data-e-type=\"container\" data-settings=\"{&quot;background_background&quot;:&quot;classic&quot;}\">\n\t\t\t\t\t<div class=\"e-con-inner\">\n\t\t<div class=\"elementor-element elementor-element-bed3382 e-con-full e-flex e-con e-child\" data-id=\"bed3382\" data-element_type=\"container\" data-e-type=\"container\">\n\t\t<div class=\"elementor-element elementor-element-ab0f77f e-con-full e-flex e-con e-child\" data-id=\"ab0f77f\" data-element_type=\"container\" data-e-type=\"container\">\n\t\t<div class=\"elementor-element elementor-element-21de2fc8 e-con-full e-flex e-con e-child\" data-id=\"21de2fc8\" data-element_type=\"container\" data-e-type=\"container\">\n\t\t\t\t<div class=\"elementor-element elementor-element-495607b6 elementor-widget__width-initial animated-fast elementor-invisible elementor-widget elementor-widget-elementskit-heading\" data-id=\"495607b6\" data-element_type=\"widget\" data-e-type=\"widget\" data-settings=\"{&quot;_animation&quot;:&quot;fadeIn&quot;,&quot;ekit_we_effect_on&quot;:&quot;none&quot;}\" data-widget_type=\"elementskit-heading.default\">\n\t\t\t\t<div class=\"elementor-widget-container\">\n\t\t\t\t\t<div class=\"ekit-wid-con\" ><div class=\"ekit-heading elementskit-section-title-wraper text_left   ekit_heading_tablet-   ekit_heading_mobile-\"><h2 class=\"ekit-heading--title elementskit-section-title \">Invista com confian\u00e7a em uma corretora de confian\u00e7a global<\/h2><\/div><\/div>\t\t\t\t<\/div>\n\t\t\t\t<\/div>\n\t\t\t\t<div class=\"elementor-element elementor-element-1d82dabd elementor-widget elementor-widget-html\" data-id=\"1d82dabd\" data-element_type=\"widget\" data-e-type=\"widget\" data-settings=\"{&quot;ekit_we_effect_on&quot;:&quot;none&quot;}\" data-widget_type=\"html.default\">\n\t\t\t\t<div class=\"elementor-widget-container\">\n\t\t\t\t\t<!-- TrustBox script -->\r\n<script type=\"text\/javascript\" src=\"\/\/widget.trustpilot.com\/bootstrap\/v5\/tp.widget.bootstrap.min.js\" async=\"\"><\/script>\r\n<!-- End TrustBox script -->\r\n\r\n\r\n\r\n<!-- TrustBox widget - Micro TrustScore -->\r\n\r\n\r\n<div class=\"trustpilot-widget\" style=\"max-width: fit-content;left: -32px;position: relative;\" data-locale=\"pt-BR\" data-template-id=\"5419b637fa0340045cd0c936\" data-businessunit-id=\"651c420d4571cea0e1054ffb\" data-style-height=\"20px\" data-style-width=\"100%\" data-text-color=\"#181b1f\">\r\n  <a href=\"https:\/\/www.trustpilot.com\/review\/onequity.com\" target=\"_blank\" rel=\"noopener\">Trustpilott<\/a>\r\n<\/div>\r\n<!-- End TrustBox widget -->\r\n\r\n\t\t\t\t<\/div>\n\t\t\t\t<\/div>\n\t\t\t\t<\/div>\n\t\t<div class=\"elementor-element elementor-element-722b2b3f e-con-full e-flex e-con e-child\" data-id=\"722b2b3f\" data-element_type=\"container\" data-e-type=\"container\">\n\t\t\t\t<div class=\"elementor-element elementor-element-3a349580 elementor-align-left elementor-widget__width-auto animated-fast elementor-invisible elementor-widget elementor-widget-elementskit-button\" data-id=\"3a349580\" data-element_type=\"widget\" data-e-type=\"widget\" data-settings=\"{&quot;_animation&quot;:&quot;pulse&quot;,&quot;_animation_delay&quot;:100,&quot;ekit_we_effect_on&quot;:&quot;none&quot;}\" data-widget_type=\"elementskit-button.default\">\n\t\t\t\t<div class=\"elementor-widget-container\">\n\t\t\t\t\t<div class=\"ekit-wid-con\" >\t\t<div class=\"ekit-btn-wraper\">\n\t\t\t\t\t\t\t<a href=\"https:\/\/auth.onequity.com\/pt\/register\" class=\"elementskit-btn  whitespace--normal\" id=\"\">\n\t\t\t\t\tAbrir conta\t\t\t\t<\/a>\n\t\t\t\t\t<\/div>\n        <\/div>\t\t\t\t<\/div>\n\t\t\t\t<\/div>\n\t\t\t\t<div class=\"elementor-element elementor-element-f77ba0a elementor-align-left elementor-widget__width-auto animated-fast elementor-invisible elementor-widget elementor-widget-elementskit-button\" data-id=\"f77ba0a\" data-element_type=\"widget\" data-e-type=\"widget\" data-settings=\"{&quot;_animation&quot;:&quot;fadeIn&quot;,&quot;_animation_delay&quot;:200,&quot;ekit_we_effect_on&quot;:&quot;none&quot;}\" data-widget_type=\"elementskit-button.default\">\n\t\t\t\t<div class=\"elementor-widget-container\">\n\t\t\t\t\t<div class=\"ekit-wid-con\" >\t\t<div class=\"ekit-btn-wraper\">\n\t\t\t\t\t\t\t<a href=\"https:\/\/auth.onequity.com\/pt\/login\" class=\"elementskit-btn  whitespace--normal\" id=\"\">\n\t\t\t\t\t<i class=\"fas fa-lock\"><\/i>Entrar\t\t\t\t<\/a>\n\t\t\t\t\t<\/div>\n        <\/div>\t\t\t\t<\/div>\n\t\t\t\t<\/div>\n\t\t\t\t<\/div>\n\t\t\t\t<\/div>\n\t\t\t\t<\/div>\n\t\t\t\t\t<\/div>\n\t\t\t\t<\/div>\n\t\t\t\t<\/div>\n\t\t","protected":false},"excerpt":{"rendered":"<p>Home Calend\u00e1rio econ\u00f4mico Acompanhe eventos que movem o mercado e dados econ\u00f4micos \u2014 com atualiza\u00e7\u00e3o em tempo real Invista com confian\u00e7a em uma corretora de confian\u00e7a global Trustpilott Abrir conta Entrar<\/p>\n","protected":false},"author":2,"featured_media":0,"parent":34227,"menu_order":0,"comment_status":"closed","ping_status":"closed","template":"","meta":{"_acf_changed":false,"footnotes":""},"class_list":["post-34249","page","type-page","status-publish","hentry"],"acf":[],"yoast_head":"<!-- This site is optimized with the Yoast SEO plugin v27.2 - https:\/\/yoast.com\/product\/yoast-seo-wordpress\/ -->\n<title>Calend\u00e1rio Econ\u00f4mico | Eventos Globais do Mercado \u2013 OnEquity<\/title>\n<meta name=\"description\" content=\"Antecipe os movimentos do mercado com nosso calend\u00e1rio econ\u00f4mico ao vivo. Acompanhe eventos globais, previs\u00f5es e dados em tempo real que impactam os principais ativos.\" \/>\n<meta name=\"robots\" content=\"index, follow, max-snippet:-1, max-image-preview:large, max-video-preview:-1\" \/>\n<link rel=\"canonical\" href=\"https:\/\/onequity.com\/tools\/economic-calendar\/\" \/>\n<meta property=\"og:locale\" content=\"pt_PT\" \/>\n<meta property=\"og:type\" content=\"article\" \/>\n<meta property=\"og:title\" content=\"Calend\u00e1rio Econ\u00f4mico | Eventos Globais do Mercado \u2013 OnEquity\" \/>\n<meta property=\"og:description\" content=\"Antecipe os movimentos do mercado com nosso calend\u00e1rio econ\u00f4mico ao vivo. Acompanhe eventos globais, previs\u00f5es e dados em tempo real que impactam os principais ativos.\" \/>\n<meta property=\"og:url\" content=\"https:\/\/onequity.com\/tools\/economic-calendar\/\" \/>\n<meta property=\"og:site_name\" content=\"OnEquity\" \/>\n<meta property=\"article:publisher\" content=\"https:\/\/www.facebook.com\/onequity.global\" \/>\n<meta property=\"article:modified_time\" content=\"2025-07-16T15:01:46+00:00\" \/>\n<meta name=\"twitter:card\" content=\"summary_large_image\" \/>\n<meta name=\"twitter:site\" content=\"@OnEquityGroup\" \/>\n<meta name=\"twitter:label1\" content=\"Est. reading time\" \/>\n\t<meta name=\"twitter:data1\" content=\"1 minute\" \/>\n<script type=\"application\/ld+json\" class=\"yoast-schema-graph\">{\"@context\":\"https:\/\/schema.org\",\"@graph\":[{\"@type\":\"WebPage\",\"@id\":\"https:\/\/onequity.com\/tools\/economic-calendar\/\",\"url\":\"https:\/\/onequity.com\/tools\/economic-calendar\/\",\"name\":\"Calend\u00e1rio Econ\u00f4mico | Eventos Globais do Mercado \u2013 OnEquity\",\"isPartOf\":{\"@id\":\"https:\/\/onequity.com\/#website\"},\"datePublished\":\"2025-07-01T15:38:17+00:00\",\"dateModified\":\"2025-07-16T15:01:46+00:00\",\"description\":\"Antecipe os movimentos do mercado com nosso calend\u00e1rio econ\u00f4mico ao vivo. Acompanhe eventos globais, previs\u00f5es e dados em tempo real que impactam os principais ativos.\",\"breadcrumb\":{\"@id\":\"https:\/\/onequity.com\/tools\/economic-calendar\/#breadcrumb\"},\"inLanguage\":\"pt\",\"potentialAction\":[{\"@type\":\"ReadAction\",\"target\":[\"https:\/\/onequity.com\/tools\/economic-calendar\/\"]}]},{\"@type\":\"BreadcrumbList\",\"@id\":\"https:\/\/onequity.com\/tools\/economic-calendar\/#breadcrumb\",\"itemListElement\":[{\"@type\":\"ListItem\",\"position\":1,\"name\":\"Home\",\"item\":\"https:\/\/onequity.com\/\"},{\"@type\":\"ListItem\",\"position\":2,\"name\":\"Ferramentas\",\"item\":\"https:\/\/onequity.com\/tools\/\"},{\"@type\":\"ListItem\",\"position\":3,\"name\":\"Calend\u00e1rio Econ\u00f4mico\"}]},{\"@type\":\"WebSite\",\"@id\":\"https:\/\/onequity.com\/#website\",\"url\":\"https:\/\/onequity.com\/\",\"name\":\"OnEquity\",\"description\":\"Your trusted choice in online trading\",\"publisher\":{\"@id\":\"https:\/\/onequity.com\/#organization\"},\"potentialAction\":[{\"@type\":\"SearchAction\",\"target\":{\"@type\":\"EntryPoint\",\"urlTemplate\":\"https:\/\/onequity.com\/?s={search_term_string}\"},\"query-input\":{\"@type\":\"PropertyValueSpecification\",\"valueRequired\":true,\"valueName\":\"search_term_string\"}}],\"inLanguage\":\"pt\"},{\"@type\":\"Organization\",\"@id\":\"https:\/\/onequity.com\/#organization\",\"name\":\"OnEquity\",\"url\":\"https:\/\/onequity.com\/\",\"logo\":{\"@type\":\"ImageObject\",\"inLanguage\":\"pt\",\"@id\":\"https:\/\/onequity.com\/#\/schema\/logo\/image\/\",\"url\":\"https:\/\/onequity.com\/wp-content\/uploads\/2025\/08\/onequity-favicon.png\",\"contentUrl\":\"https:\/\/onequity.com\/wp-content\/uploads\/2025\/08\/onequity-favicon.png\",\"width\":695,\"height\":695,\"caption\":\"OnEquity\"},\"image\":{\"@id\":\"https:\/\/onequity.com\/#\/schema\/logo\/image\/\"},\"sameAs\":[\"https:\/\/www.facebook.com\/onequity.global\",\"https:\/\/x.com\/OnEquityGroup\"]}]}<\/script>\n<!-- \/ Yoast SEO plugin. -->","yoast_head_json":{"title":"Calend\u00e1rio Econ\u00f4mico | Eventos Globais do Mercado \u2013 OnEquity","description":"Antecipe os movimentos do mercado com nosso calend\u00e1rio econ\u00f4mico ao vivo. Acompanhe eventos globais, previs\u00f5es e dados em tempo real que impactam os principais ativos.","robots":{"index":"index","follow":"follow","max-snippet":"max-snippet:-1","max-image-preview":"max-image-preview:large","max-video-preview":"max-video-preview:-1"},"canonical":"https:\/\/onequity.com\/tools\/economic-calendar\/","og_locale":"pt_PT","og_type":"article","og_title":"Calend\u00e1rio Econ\u00f4mico | Eventos Globais do Mercado \u2013 OnEquity","og_description":"Antecipe os movimentos do mercado com nosso calend\u00e1rio econ\u00f4mico ao vivo. Acompanhe eventos globais, previs\u00f5es e dados em tempo real que impactam os principais ativos.","og_url":"https:\/\/onequity.com\/tools\/economic-calendar\/","og_site_name":"OnEquity","article_publisher":"https:\/\/www.facebook.com\/onequity.global","article_modified_time":"2025-07-16T15:01:46+00:00","twitter_card":"summary_large_image","twitter_site":"@OnEquityGroup","twitter_misc":{"Est. reading time":"1 minute"},"schema":{"@context":"https:\/\/schema.org","@graph":[{"@type":"WebPage","@id":"https:\/\/onequity.com\/tools\/economic-calendar\/","url":"https:\/\/onequity.com\/tools\/economic-calendar\/","name":"Calend\u00e1rio Econ\u00f4mico | Eventos Globais do Mercado \u2013 OnEquity","isPartOf":{"@id":"https:\/\/onequity.com\/#website"},"datePublished":"2025-07-01T15:38:17+00:00","dateModified":"2025-07-16T15:01:46+00:00","description":"Antecipe os movimentos do mercado com nosso calend\u00e1rio econ\u00f4mico ao vivo. Acompanhe eventos globais, previs\u00f5es e dados em tempo real que impactam os principais ativos.","breadcrumb":{"@id":"https:\/\/onequity.com\/tools\/economic-calendar\/#breadcrumb"},"inLanguage":"pt","potentialAction":[{"@type":"ReadAction","target":["https:\/\/onequity.com\/tools\/economic-calendar\/"]}]},{"@type":"BreadcrumbList","@id":"https:\/\/onequity.com\/tools\/economic-calendar\/#breadcrumb","itemListElement":[{"@type":"ListItem","position":1,"name":"Home","item":"https:\/\/onequity.com\/"},{"@type":"ListItem","position":2,"name":"Ferramentas","item":"https:\/\/onequity.com\/tools\/"},{"@type":"ListItem","position":3,"name":"Calend\u00e1rio Econ\u00f4mico"}]},{"@type":"WebSite","@id":"https:\/\/onequity.com\/#website","url":"https:\/\/onequity.com\/","name":"OnEquity","description":"Your trusted choice in online trading","publisher":{"@id":"https:\/\/onequity.com\/#organization"},"potentialAction":[{"@type":"SearchAction","target":{"@type":"EntryPoint","urlTemplate":"https:\/\/onequity.com\/?s={search_term_string}"},"query-input":{"@type":"PropertyValueSpecification","valueRequired":true,"valueName":"search_term_string"}}],"inLanguage":"pt"},{"@type":"Organization","@id":"https:\/\/onequity.com\/#organization","name":"OnEquity","url":"https:\/\/onequity.com\/","logo":{"@type":"ImageObject","inLanguage":"pt","@id":"https:\/\/onequity.com\/#\/schema\/logo\/image\/","url":"https:\/\/onequity.com\/wp-content\/uploads\/2025\/08\/onequity-favicon.png","contentUrl":"https:\/\/onequity.com\/wp-content\/uploads\/2025\/08\/onequity-favicon.png","width":695,"height":695,"caption":"OnEquity"},"image":{"@id":"https:\/\/onequity.com\/#\/schema\/logo\/image\/"},"sameAs":["https:\/\/www.facebook.com\/onequity.global","https:\/\/x.com\/OnEquityGroup"]}]}},"_links":{"self":[{"href":"https:\/\/onequity.com\/pt\/wp-json\/wp\/v2\/pages\/34249","targetHints":{"allow":["GET"]}}],"collection":[{"href":"https:\/\/onequity.com\/pt\/wp-json\/wp\/v2\/pages"}],"about":[{"href":"https:\/\/onequity.com\/pt\/wp-json\/wp\/v2\/types\/page"}],"author":[{"embeddable":true,"href":"https:\/\/onequity.com\/pt\/wp-json\/wp\/v2\/users\/2"}],"replies":[{"embeddable":true,"href":"https:\/\/onequity.com\/pt\/wp-json\/wp\/v2\/comments?post=34249"}],"version-history":[{"count":0,"href":"https:\/\/onequity.com\/pt\/wp-json\/wp\/v2\/pages\/34249\/revisions"}],"up":[{"embeddable":true,"href":"https:\/\/onequity.com\/pt\/wp-json\/wp\/v2\/pages\/34227"}],"wp:attachment":[{"href":"https:\/\/onequity.com\/pt\/wp-json\/wp\/v2\/media?parent=34249"}],"curies":[{"name":"wp","href":"https:\/\/api.w.org\/{rel}","templated":true}]}}